{"id":5,"date":"2023-10-05T20:57:27","date_gmt":"2023-10-05T20:57:27","guid":{"rendered":"https:\/\/firminisstilius.lt\/index.php\/firminio-stiliaus-kurimas-logotipu-kurimas-dizaino-agentura\/"},"modified":"2024-01-02T16:53:37","modified_gmt":"2024-01-02T16:53:37","slug":"firminio-stiliaus-kurimas-logotipu-kurimas-dizaino-agentura","status":"publish","type":"page","link":"https:\/\/firminisstilius.lt\/","title":{"rendered":"Firminio stiliaus k\u016brimas, logotip\u0173 k\u016brimas, dizaino agent\u016bra"},"content":{"rendered":"<p>Sveiki atvyk\u0119 \u012f m\u016bs\u0173 dizaino agent\u016br\u0105! Esame \u010dia, kad pad\u0117tume jums sukurti unikal\u0173 ir \u012fsimintin\u0105 firmin\u012f stili\u0173 bei logotip\u0105.<\/p>\n<p>Mes suprantame, kad j\u016bs\u0173 verslo \u012fvaizdis yra labai svarbus, tod\u0117l stengiam\u0117s sukurti dizain\u0105, kuris atspind\u0117t\u0173 j\u016bs\u0173 vertybes ir pritraukt\u0173 klientus.<\/p>\n<p>M\u016bs\u0173 specialistai dirba glaud\u017eiai su jumis, kad suprast\u0173 j\u016bs\u0173 poreikius ir tikslus. Mes kruop\u0161\u010diai analizuojame j\u016bs\u0173 verslo srit\u012f, konkurencij\u0105 ir tikslin\u0119 auditorij\u0105, siekdami sukurti tinkam\u0105 dizain\u0105, kuris i\u0161siskirt\u0173 i\u0161 analogi\u0161kas paslaugias teikian\u010di\u0173 versl\u0173.<\/p>\n<p>M\u016bs\u0173 paslaug\u0173 spektras yra platus &#8211; nuo logotipo pilno vizualinio identiteto k\u016brimo.\u00a0<\/p>\n<p>Turime didel\u0119 patirt\u012f dirbant su \u012fvairiomis pramon\u0117s \u0161akomis, tod\u0117l galime tinkamai pritaikyti dizain\u0105 j\u016bs\u0173 verslo specifikai.<\/p>\n<p>\u00a0<\/p>\n\n\n<div class=\"wp-block-buttons is-layout-flex wp-block-buttons-is-layout-flex\">\n<div class=\"wp-block-button\"><a class=\"wp-block-button__link wp-element-button\" href=\"https:\/\/www.brandworks.lt\">U\u017esakyti firmin\u012f stil\u0173<\/a><\/div>\n<\/div>\n","protected":false},"excerpt":{"rendered":"<p>Sveiki atvyk\u0119 \u012f m\u016bs\u0173 dizaino agent\u016br\u0105! Esame \u010dia, kad pad\u0117tume jums sukurti unikal\u0173 ir \u012fsimintin\u0105 firmin\u012f stili\u0173 bei logotip\u0105. Mes suprantame, kad j\u016bs\u0173 verslo \u012fvaizdis yra labai svarbus, tod\u0117l stengiam\u0117s sukurti dizain\u0105, kuris atspind\u0117t\u0173 j\u016bs\u0173 vertybes ir pritraukt\u0173 klientus. M\u016bs\u0173 specialistai dirba glaud\u017eiai su jumis, kad suprast\u0173 j\u016bs\u0173 poreikius ir tikslus. Mes kruop\u0161\u010diai analizuojame j\u016bs\u0173 [&hellip;]<\/p>\n","protected":false},"author":1,"featured_media":0,"parent":0,"menu_order":0,"comment_status":"closed","ping_status":"closed","template":"","meta":{"footnotes":""},"class_list":["post-5","page","type-page","status-publish","hentry"],"_links":{"self":[{"href":"https:\/\/firminisstilius.lt\/index.php\/wp-json\/wp\/v2\/pages\/5","targetHints":{"allow":["GET"]}}],"collection":[{"href":"https:\/\/firminisstilius.lt\/index.php\/wp-json\/wp\/v2\/pages"}],"about":[{"href":"https:\/\/firminisstilius.lt\/index.php\/wp-json\/wp\/v2\/types\/page"}],"author":[{"embeddable":true,"href":"https:\/\/firminisstilius.lt\/index.php\/wp-json\/wp\/v2\/users\/1"}],"replies":[{"embeddable":true,"href":"https:\/\/firminisstilius.lt\/index.php\/wp-json\/wp\/v2\/comments?post=5"}],"version-history":[{"count":2,"href":"https:\/\/firminisstilius.lt\/index.php\/wp-json\/wp\/v2\/pages\/5\/revisions"}],"predecessor-version":[{"id":15,"href":"https:\/\/firminisstilius.lt\/index.php\/wp-json\/wp\/v2\/pages\/5\/revisions\/15"}],"wp:attachment":[{"href":"https:\/\/firminisstilius.lt\/index.php\/wp-json\/wp\/v2\/media?parent=5"}],"curies":[{"name":"wp","href":"https:\/\/api.w.org\/{rel}","templated":true}]}}